{"id":33,"date":"2013-11-28T14:31:04","date_gmt":"2013-11-28T14:31:04","guid":{"rendered":"http:\/\/schreiner-stiftung.de\/Fachakademie_angewandte_Hygiene\/?page_id=33"},"modified":"2017-06-14T13:43:56","modified_gmt":"2017-06-14T13:43:56","slug":"news","status":"publish","type":"page","link":"https:\/\/www.schreiner-stiftung.de\/Fachakademie_angewandte_Hygiene\/?page_id=33","title":{"rendered":"News"},"content":{"rendered":"<p>&nbsp;<\/p>\n<p><strong><a href=\"https:\/\/www.kesla.de\/wissen\/wissenschafts-praxis-foren-anwendersymposien\/fruhjahressymposium-2017\/\" target=\"_blank\" rel=\"noopener\">Fr\u00fchjahrssymposium 2017<\/a><\/strong><\/p>\n<p><strong><a href=\"http:\/\/www.kesla.de\/wissen\/wissenschafts-praxis-foren-anwendersymposien\/fruhjahrssymposium-2014\/\" target=\"_blank\" rel=\"noopener\">Fr\u00fchjahrssymposium 2014<\/a><\/strong><\/p>\n<p><b><a title=\"Drei Wochen Intensivkurs Reinigung und Desinfektion f\u00fcr Studenten des Studienganges Lebensmittelsicherheit an der Staatlichen Studienakademie Plauen der BA Sachsen\" href=\"https:\/\/www.schreiner-stiftung.de\/Fachakademie_angewandte_Hygiene\/?page_id=39\">Drei Wochen Intensivkurs Reinigung und Desinfektion f\u00fcr Studenten des Studienganges Lebensmittelsicherheit an der Staatlichen Studienakademie Plauen der BA Sachsen<\/a><\/b><\/p>\n<p><a title=\"Kooperation mit der Staatlichen Studienakademie Plauen der BA Sachsen\" href=\"https:\/\/www.schreiner-stiftung.de\/Fachakademie_angewandte_Hygiene\/?page_id=76\"><b>Kooperation mit der Staatlichen Studienakademie Plauen der BA Sachsen<\/b><\/a><\/p>\n<p>&nbsp;<\/p>\n","protected":false},"excerpt":{"rendered":"<p>&nbsp; Fr\u00fchjahrssymposium 2017 Fr\u00fchjahrssymposium 2014 Drei Wochen Intensivkurs Reinigung und Desinfektion f\u00fcr Studenten des Studienganges Lebensmittelsicherheit an der Staatlichen Studienakademie Plauen der BA Sachsen Kooperation mit der Staatlichen Studienakademie Plauen der BA Sachsen &nbsp;<\/p>\n","protected":false},"author":5,"featured_media":0,"parent":0,"menu_order":0,"comment_status":"closed","ping_status":"closed","template":"","meta":{"footnotes":""},"class_list":["post-33","page","type-page","status-publish","hentry"],"_links":{"self":[{"href":"https:\/\/www.schreiner-stiftung.de\/Fachakademie_angewandte_Hygiene\/index.php?rest_route=\/wp\/v2\/pages\/33","targetHints":{"allow":["GET"]}}],"collection":[{"href":"https:\/\/www.schreiner-stiftung.de\/Fachakademie_angewandte_Hygiene\/index.php?rest_route=\/wp\/v2\/pages"}],"about":[{"href":"https:\/\/www.schreiner-stiftung.de\/Fachakademie_angewandte_Hygiene\/index.php?rest_route=\/wp\/v2\/types\/page"}],"author":[{"embeddable":true,"href":"https:\/\/www.schreiner-stiftung.de\/Fachakademie_angewandte_Hygiene\/index.php?rest_route=\/wp\/v2\/users\/5"}],"replies":[{"embeddable":true,"href":"https:\/\/www.schreiner-stiftung.de\/Fachakademie_angewandte_Hygiene\/index.php?rest_route=%2Fwp%2Fv2%2Fcomments&post=33"}],"version-history":[{"count":15,"href":"https:\/\/www.schreiner-stiftung.de\/Fachakademie_angewandte_Hygiene\/index.php?rest_route=\/wp\/v2\/pages\/33\/revisions"}],"predecessor-version":[{"id":124,"href":"https:\/\/www.schreiner-stiftung.de\/Fachakademie_angewandte_Hygiene\/index.php?rest_route=\/wp\/v2\/pages\/33\/revisions\/124"}],"wp:attachment":[{"href":"https:\/\/www.schreiner-stiftung.de\/Fachakademie_angewandte_Hygiene\/index.php?rest_route=%2Fwp%2Fv2%2Fmedia&parent=33"}],"curies":[{"name":"wp","href":"https:\/\/api.w.org\/{rel}","templated":true}]}}