{"id":39,"date":"2014-02-24T12:05:09","date_gmt":"2014-02-24T12:05:09","guid":{"rendered":"http:\/\/schreiner-stiftung.de\/Fachakademie_angewandte_Hygiene\/?page_id=39"},"modified":"2014-02-24T14:09:27","modified_gmt":"2014-02-24T14:09:27","slug":"drei-wochen-intensivkurs-reinigung-und-desinfektion-fuer-studenten-des-studienganges-lebensmittelsicherheit-an-der-staatlichen-studienakademie-plauen-der-ba-sachsen","status":"publish","type":"page","link":"https:\/\/www.schreiner-stiftung.de\/Fachakademie_angewandte_Hygiene\/?page_id=39","title":{"rendered":"Drei Wochen Intensivkurs Reinigung und Desinfektion f\u00fcr Studenten des Studienganges Lebensmittelsicherheit an der Staatlichen Studienakademie Plauen der BA Sachsen"},"content":{"rendered":"<p>Nach dem Anfang November 2013 unterzeichneten Kooperationsvertrag sollte das Modul <b>Reinigung und Desinfektion<\/b> als externe Lehre an der <b>Fachakademie f\u00fcr angewandte Hygiene <\/b>Bitterfeld-Wolfen in der Zeit vom 7. bis 24. Januar 2014 durchgef\u00fchrt werden.<\/p>\n<p>F\u00fcr die Fachakademie war die Gestaltung eines dreiw\u00f6chigen Lehrganges ein Novum. Im vergangenen Jahrzehnt dominierten Tagesveranstaltungen.\u00a0 Am 7. Januar trafen 21 Studentinnen und Studenten des sechsten Semesters \u00a0in Bitterfeld-Wolfen ein, begleitet von\u00a0 Frau Dr. Katja Ziegenhals, der Leiterin des Studienganges an der Plauener Studienakademie.\u00a0 Mit diesen Studenten war im Jahre 2011 der bundesweit einmalige BA-Studiengang er\u00f6ffnet worden.<\/p>\n<p style=\"text-align: left;\">Nach der gemeinsamen Unterbringung in der Pension \u201eAm Nordpark\u201c trafen sich die Teilnehmer \u00a0im H\u00f6rsaal der Fachakademie zur Einf\u00fchrung und gegenseitigen Vorstellung.<\/p>\n<p style=\"text-align: left;\">\n<a href=\"https:\/\/www.schreiner-stiftung.de\/Fachakademie_angewandte_Hygiene\/wp-content\/uploads\/2014\/02\/titelbild1.png\"><img loading=\"lazy\" decoding=\"async\" class=\"wp-image-85 aligncenter\" alt=\"titelbild\" src=\"https:\/\/www.schreiner-stiftung.de\/Fachakademie_angewandte_Hygiene\/wp-content\/uploads\/2014\/02\/titelbild1.png\" width=\"681\" height=\"335\" srcset=\"https:\/\/www.schreiner-stiftung.de\/Fachakademie_angewandte_Hygiene\/wp-content\/uploads\/2014\/02\/titelbild1.png 681w, https:\/\/www.schreiner-stiftung.de\/Fachakademie_angewandte_Hygiene\/wp-content\/uploads\/2014\/02\/titelbild1-300x147.png 300w, https:\/\/www.schreiner-stiftung.de\/Fachakademie_angewandte_Hygiene\/wp-content\/uploads\/2014\/02\/titelbild1-624x306.png 624w\" sizes=\"auto, (max-width: 681px) 100vw, 681px\" \/><\/a><\/p>\n<p>In den Folgetagen fanden an den Vormittagen jeweils Vorlesungen zur Theorie von Reinigung und Desinfektion statt, die nach der Mittagspause entweder durch Experimentalvortr\u00e4ge im Anwendungstechnischen Lehr- und Versuchslabor oder gruppenweise durch Praktika in den Laboren f\u00fcr Analytik, Mikrobiologie und Anwendungstechnik vertieft wurden.<\/p>\n<p>Es gab auch Selbststudium, bei dem die DIN 10516 mit Kommentar abschnittsweise durchgearbeitet und am folgenden Tag von den Studententeams konzentriert vorgetragen wurde.<\/p>\n<p>Nachfolgend einige Streiflichter aus dem Kurs:<br \/>\n<a href=\"https:\/\/www.schreiner-stiftung.de\/Fachakademie_angewandte_Hygiene\/wp-content\/uploads\/2014\/02\/Unbenannt-1.png\"><img loading=\"lazy\" decoding=\"async\" class=\"alignleft size-full wp-image-47\" alt=\"Unbenannt-1\" src=\"https:\/\/www.schreiner-stiftung.de\/Fachakademie_angewandte_Hygiene\/wp-content\/uploads\/2014\/02\/Unbenannt-1.png\" width=\"672\" height=\"920\" srcset=\"https:\/\/www.schreiner-stiftung.de\/Fachakademie_angewandte_Hygiene\/wp-content\/uploads\/2014\/02\/Unbenannt-1.png 672w, https:\/\/www.schreiner-stiftung.de\/Fachakademie_angewandte_Hygiene\/wp-content\/uploads\/2014\/02\/Unbenannt-1-219x300.png 219w, https:\/\/www.schreiner-stiftung.de\/Fachakademie_angewandte_Hygiene\/wp-content\/uploads\/2014\/02\/Unbenannt-1-624x854.png 624w\" sizes=\"auto, (max-width: 672px) 100vw, 672px\" \/><\/a><\/p>\n<p><a href=\"https:\/\/www.schreiner-stiftung.de\/Fachakademie_angewandte_Hygiene\/wp-content\/uploads\/2014\/02\/Unbenannt-21.png\"><img loading=\"lazy\" decoding=\"async\" class=\"alignleft size-full wp-image-51\" alt=\"Unbenannt-2\" src=\"https:\/\/www.schreiner-stiftung.de\/Fachakademie_angewandte_Hygiene\/wp-content\/uploads\/2014\/02\/Unbenannt-21.png\" width=\"672\" height=\"965\" srcset=\"https:\/\/www.schreiner-stiftung.de\/Fachakademie_angewandte_Hygiene\/wp-content\/uploads\/2014\/02\/Unbenannt-21.png 672w, https:\/\/www.schreiner-stiftung.de\/Fachakademie_angewandte_Hygiene\/wp-content\/uploads\/2014\/02\/Unbenannt-21-208x300.png 208w, https:\/\/www.schreiner-stiftung.de\/Fachakademie_angewandte_Hygiene\/wp-content\/uploads\/2014\/02\/Unbenannt-21-624x896.png 624w\" sizes=\"auto, (max-width: 672px) 100vw, 672px\" \/><\/a><\/p>\n<p><a href=\"https:\/\/www.schreiner-stiftung.de\/Fachakademie_angewandte_Hygiene\/wp-content\/uploads\/2014\/02\/Unbenannt-3.png\"><img loading=\"lazy\" decoding=\"async\" class=\"alignleft size-full wp-image-53\" alt=\"Unbenannt-3\" src=\"https:\/\/www.schreiner-stiftung.de\/Fachakademie_angewandte_Hygiene\/wp-content\/uploads\/2014\/02\/Unbenannt-3.png\" width=\"672\" height=\"923\" srcset=\"https:\/\/www.schreiner-stiftung.de\/Fachakademie_angewandte_Hygiene\/wp-content\/uploads\/2014\/02\/Unbenannt-3.png 672w, https:\/\/www.schreiner-stiftung.de\/Fachakademie_angewandte_Hygiene\/wp-content\/uploads\/2014\/02\/Unbenannt-3-218x300.png 218w, https:\/\/www.schreiner-stiftung.de\/Fachakademie_angewandte_Hygiene\/wp-content\/uploads\/2014\/02\/Unbenannt-3-624x857.png 624w\" sizes=\"auto, (max-width: 672px) 100vw, 672px\" \/><\/a><\/p>\n<p><a href=\"https:\/\/www.schreiner-stiftung.de\/Fachakademie_angewandte_Hygiene\/wp-content\/uploads\/2014\/02\/Unbenannt-4.png\"><img loading=\"lazy\" decoding=\"async\" class=\"alignleft size-full wp-image-60\" alt=\"Unbenannt-4\" src=\"https:\/\/www.schreiner-stiftung.de\/Fachakademie_angewandte_Hygiene\/wp-content\/uploads\/2014\/02\/Unbenannt-4.png\" width=\"672\" height=\"933\" srcset=\"https:\/\/www.schreiner-stiftung.de\/Fachakademie_angewandte_Hygiene\/wp-content\/uploads\/2014\/02\/Unbenannt-4.png 672w, https:\/\/www.schreiner-stiftung.de\/Fachakademie_angewandte_Hygiene\/wp-content\/uploads\/2014\/02\/Unbenannt-4-216x300.png 216w, https:\/\/www.schreiner-stiftung.de\/Fachakademie_angewandte_Hygiene\/wp-content\/uploads\/2014\/02\/Unbenannt-4-624x866.png 624w\" sizes=\"auto, (max-width: 672px) 100vw, 672px\" \/><\/a><\/p>\n<p><a href=\"https:\/\/www.schreiner-stiftung.de\/Fachakademie_angewandte_Hygiene\/wp-content\/uploads\/2014\/02\/Unbenannt-5.png\"><img loading=\"lazy\" decoding=\"async\" class=\"alignleft size-full wp-image-61\" alt=\"Unbenannt-5\" src=\"https:\/\/www.schreiner-stiftung.de\/Fachakademie_angewandte_Hygiene\/wp-content\/uploads\/2014\/02\/Unbenannt-5.png\" width=\"672\" height=\"928\" srcset=\"https:\/\/www.schreiner-stiftung.de\/Fachakademie_angewandte_Hygiene\/wp-content\/uploads\/2014\/02\/Unbenannt-5.png 672w, https:\/\/www.schreiner-stiftung.de\/Fachakademie_angewandte_Hygiene\/wp-content\/uploads\/2014\/02\/Unbenannt-5-217x300.png 217w, https:\/\/www.schreiner-stiftung.de\/Fachakademie_angewandte_Hygiene\/wp-content\/uploads\/2014\/02\/Unbenannt-5-624x861.png 624w\" sizes=\"auto, (max-width: 672px) 100vw, 672px\" \/><\/a><\/p>\n<p><a href=\"https:\/\/www.schreiner-stiftung.de\/Fachakademie_angewandte_Hygiene\/wp-content\/uploads\/2014\/02\/Unbenannt-6.png\"><img loading=\"lazy\" decoding=\"async\" class=\"alignleft size-full wp-image-63\" alt=\"Unbenannt-6\" src=\"https:\/\/www.schreiner-stiftung.de\/Fachakademie_angewandte_Hygiene\/wp-content\/uploads\/2014\/02\/Unbenannt-6.png\" width=\"672\" height=\"926\" srcset=\"https:\/\/www.schreiner-stiftung.de\/Fachakademie_angewandte_Hygiene\/wp-content\/uploads\/2014\/02\/Unbenannt-6.png 672w, https:\/\/www.schreiner-stiftung.de\/Fachakademie_angewandte_Hygiene\/wp-content\/uploads\/2014\/02\/Unbenannt-6-217x300.png 217w, https:\/\/www.schreiner-stiftung.de\/Fachakademie_angewandte_Hygiene\/wp-content\/uploads\/2014\/02\/Unbenannt-6-624x859.png 624w\" sizes=\"auto, (max-width: 672px) 100vw, 672px\" \/><\/a><\/p>\n<p><a href=\"https:\/\/www.schreiner-stiftung.de\/Fachakademie_angewandte_Hygiene\/wp-content\/uploads\/2014\/02\/Unbenannt-7.png\"><img loading=\"lazy\" decoding=\"async\" class=\"alignleft size-full wp-image-65\" alt=\"Unbenannt-7\" src=\"https:\/\/www.schreiner-stiftung.de\/Fachakademie_angewandte_Hygiene\/wp-content\/uploads\/2014\/02\/Unbenannt-7.png\" width=\"672\" height=\"880\" srcset=\"https:\/\/www.schreiner-stiftung.de\/Fachakademie_angewandte_Hygiene\/wp-content\/uploads\/2014\/02\/Unbenannt-7.png 672w, https:\/\/www.schreiner-stiftung.de\/Fachakademie_angewandte_Hygiene\/wp-content\/uploads\/2014\/02\/Unbenannt-7-229x300.png 229w, https:\/\/www.schreiner-stiftung.de\/Fachakademie_angewandte_Hygiene\/wp-content\/uploads\/2014\/02\/Unbenannt-7-624x817.png 624w\" sizes=\"auto, (max-width: 672px) 100vw, 672px\" \/><\/a><\/p>\n<p><a href=\"https:\/\/www.schreiner-stiftung.de\/Fachakademie_angewandte_Hygiene\/wp-content\/uploads\/2014\/02\/Unbenannt-8.png\"><img loading=\"lazy\" decoding=\"async\" class=\"alignleft size-full wp-image-67\" alt=\"Unbenannt-8\" src=\"https:\/\/www.schreiner-stiftung.de\/Fachakademie_angewandte_Hygiene\/wp-content\/uploads\/2014\/02\/Unbenannt-8.png\" width=\"672\" height=\"1004\" srcset=\"https:\/\/www.schreiner-stiftung.de\/Fachakademie_angewandte_Hygiene\/wp-content\/uploads\/2014\/02\/Unbenannt-8.png 672w, https:\/\/www.schreiner-stiftung.de\/Fachakademie_angewandte_Hygiene\/wp-content\/uploads\/2014\/02\/Unbenannt-8-200x300.png 200w, https:\/\/www.schreiner-stiftung.de\/Fachakademie_angewandte_Hygiene\/wp-content\/uploads\/2014\/02\/Unbenannt-8-624x932.png 624w\" sizes=\"auto, (max-width: 672px) 100vw, 672px\" \/><\/a><\/p>\n<p><a href=\"https:\/\/www.schreiner-stiftung.de\/Fachakademie_angewandte_Hygiene\/wp-content\/uploads\/2014\/02\/Unbenannt-9.png\"><img loading=\"lazy\" decoding=\"async\" class=\"alignleft size-full wp-image-68\" alt=\"Unbenannt-9\" src=\"https:\/\/www.schreiner-stiftung.de\/Fachakademie_angewandte_Hygiene\/wp-content\/uploads\/2014\/02\/Unbenannt-9.png\" width=\"672\" height=\"877\" srcset=\"https:\/\/www.schreiner-stiftung.de\/Fachakademie_angewandte_Hygiene\/wp-content\/uploads\/2014\/02\/Unbenannt-9.png 672w, https:\/\/www.schreiner-stiftung.de\/Fachakademie_angewandte_Hygiene\/wp-content\/uploads\/2014\/02\/Unbenannt-9-229x300.png 229w, https:\/\/www.schreiner-stiftung.de\/Fachakademie_angewandte_Hygiene\/wp-content\/uploads\/2014\/02\/Unbenannt-9-624x814.png 624w\" sizes=\"auto, (max-width: 672px) 100vw, 672px\" \/><\/a><\/p>\n<p><a href=\"https:\/\/www.schreiner-stiftung.de\/Fachakademie_angewandte_Hygiene\/wp-content\/uploads\/2014\/02\/Unbenannt-102.png\"><img loading=\"lazy\" decoding=\"async\" class=\"alignleft size-full wp-image-83\" alt=\"Unbenannt-10\" src=\"https:\/\/www.schreiner-stiftung.de\/Fachakademie_angewandte_Hygiene\/wp-content\/uploads\/2014\/02\/Unbenannt-102.png\" width=\"672\" height=\"835\" srcset=\"https:\/\/www.schreiner-stiftung.de\/Fachakademie_angewandte_Hygiene\/wp-content\/uploads\/2014\/02\/Unbenannt-102.png 672w, https:\/\/www.schreiner-stiftung.de\/Fachakademie_angewandte_Hygiene\/wp-content\/uploads\/2014\/02\/Unbenannt-102-241x300.png 241w, https:\/\/www.schreiner-stiftung.de\/Fachakademie_angewandte_Hygiene\/wp-content\/uploads\/2014\/02\/Unbenannt-102-624x775.png 624w\" sizes=\"auto, (max-width: 672px) 100vw, 672px\" \/><\/a><\/p>\n<p><a href=\"https:\/\/www.schreiner-stiftung.de\/Fachakademie_angewandte_Hygiene\/wp-content\/uploads\/2014\/02\/Unbenannt-11.png\"><img loading=\"lazy\" decoding=\"async\" class=\"alignleft size-full wp-image-71\" alt=\"Unbenannt-11\" src=\"https:\/\/www.schreiner-stiftung.de\/Fachakademie_angewandte_Hygiene\/wp-content\/uploads\/2014\/02\/Unbenannt-11.png\" width=\"672\" height=\"889\" srcset=\"https:\/\/www.schreiner-stiftung.de\/Fachakademie_angewandte_Hygiene\/wp-content\/uploads\/2014\/02\/Unbenannt-11.png 672w, https:\/\/www.schreiner-stiftung.de\/Fachakademie_angewandte_Hygiene\/wp-content\/uploads\/2014\/02\/Unbenannt-11-226x300.png 226w, https:\/\/www.schreiner-stiftung.de\/Fachakademie_angewandte_Hygiene\/wp-content\/uploads\/2014\/02\/Unbenannt-11-624x825.png 624w\" sizes=\"auto, (max-width: 672px) 100vw, 672px\" \/><\/a><\/p>\n","protected":false},"excerpt":{"rendered":"<p>Nach dem Anfang November 2013 unterzeichneten Kooperationsvertrag sollte das Modul Reinigung und Desinfektion als externe Lehre an der Fachakademie f\u00fcr angewandte Hygiene Bitterfeld-Wolfen in der Zeit vom 7. bis 24. Januar 2014 durchgef\u00fchrt werden. F\u00fcr die Fachakademie war die Gestaltung eines dreiw\u00f6chigen Lehrganges ein Novum. Im vergangenen Jahrzehnt dominierten Tagesveranstaltungen.\u00a0 Am 7. Januar trafen 21 [&hellip;]<\/p>\n","protected":false},"author":5,"featured_media":0,"parent":33,"menu_order":0,"comment_status":"closed","ping_status":"closed","template":"","meta":{"footnotes":""},"class_list":["post-39","page","type-page","status-publish","hentry"],"_links":{"self":[{"href":"https:\/\/www.schreiner-stiftung.de\/Fachakademie_angewandte_Hygiene\/index.php?rest_route=\/wp\/v2\/pages\/39","targetHints":{"allow":["GET"]}}],"collection":[{"href":"https:\/\/www.schreiner-stiftung.de\/Fachakademie_angewandte_Hygiene\/index.php?rest_route=\/wp\/v2\/pages"}],"about":[{"href":"https:\/\/www.schreiner-stiftung.de\/Fachakademie_angewandte_Hygiene\/index.php?rest_route=\/wp\/v2\/types\/page"}],"author":[{"embeddable":true,"href":"https:\/\/www.schreiner-stiftung.de\/Fachakademie_angewandte_Hygiene\/index.php?rest_route=\/wp\/v2\/users\/5"}],"replies":[{"embeddable":true,"href":"https:\/\/www.schreiner-stiftung.de\/Fachakademie_angewandte_Hygiene\/index.php?rest_route=%2Fwp%2Fv2%2Fcomments&post=39"}],"version-history":[{"count":32,"href":"https:\/\/www.schreiner-stiftung.de\/Fachakademie_angewandte_Hygiene\/index.php?rest_route=\/wp\/v2\/pages\/39\/revisions"}],"predecessor-version":[{"id":97,"href":"https:\/\/www.schreiner-stiftung.de\/Fachakademie_angewandte_Hygiene\/index.php?rest_route=\/wp\/v2\/pages\/39\/revisions\/97"}],"up":[{"embeddable":true,"href":"https:\/\/www.schreiner-stiftung.de\/Fachakademie_angewandte_Hygiene\/index.php?rest_route=\/wp\/v2\/pages\/33"}],"wp:attachment":[{"href":"https:\/\/www.schreiner-stiftung.de\/Fachakademie_angewandte_Hygiene\/index.php?rest_route=%2Fwp%2Fv2%2Fmedia&parent=39"}],"curies":[{"name":"wp","href":"https:\/\/api.w.org\/{rel}","templated":true}]}}