{"id":9,"date":"2013-10-25T08:19:40","date_gmt":"2013-10-25T08:19:40","guid":{"rendered":"http:\/\/schreiner-stiftung.de\/Fachakademie_angewandte_Hygiene\/?page_id=9"},"modified":"2017-06-14T13:46:30","modified_gmt":"2017-06-14T13:46:30","slug":"veranstaltungen","status":"publish","type":"page","link":"https:\/\/www.schreiner-stiftung.de\/Fachakademie_angewandte_Hygiene\/?page_id=9","title":{"rendered":"Veranstaltungen"},"content":{"rendered":"<p>&nbsp;<\/p>\n<p><a href=\"https:\/\/www.kesla.de\/wissen\/wissenschafts-praxis-foren-anwendersymposien\/fruhjahressymposium-2017\/\">Fr\u00fchjahressymposium 2017<\/a><\/p>\n<p><a href=\"http:\/\/www.kesla.de\/wissen\/wissenschafts-praxis-foren-anwendersymposien\/fruhjahrssymposium-2014\/\" target=\"_blank\" rel=\"noopener\">Fr\u00fchjahressymposium 2014<\/a><\/p>\n<p><a title=\"Drei Wochen Intensivkurs Reinigung und Desinfektion f\u00fcr Studenten des Studienganges Lebensmittelsicherheit an der Staatlichen Studienakademie Plauen der BA Sachsen\" href=\"https:\/\/www.schreiner-stiftung.de\/Fachakademie_angewandte_Hygiene\/?page_id=39\">Drei Wochen Intensivkurs Reinigung und Desinfektion f\u00fcr Studenten des Studienganges Lebensmittelsicherheit an der Staatlichen Studienakademie Plauen der BA Sachsen<\/a><\/p>\n<p><a title=\"Fr\u00fchjahressymposium 2013 f\u00fcr Tier\u00e4rzte und Hygieneverantwortliche aus der Gefl\u00fcgelwirtschaft\" href=\"http:\/\/www.kesla.de\/wissen\/wissenschafts-praxis-foren-anwendersymposien\/tagesseminar-fur-tierarzte-und-hygieneverantwortliche-aus-der-geflugelwirtschaft\/\" target=\"_blank\" rel=\"noopener\">Fr\u00fchjahressymposium 2013 f\u00fcr Tier\u00e4rzte und Hygieneverantwortliche aus der Gefl\u00fcgelwirtschaft<\/a><\/p>\n<p><a title=\"Fr\u00fchjahressymposium 2012\" href=\"http:\/\/www.kesla.de\/wissen\/wissenschafts-praxis-foren-anwendersymposien\/fruhjahressymposium-2012\/\" target=\"_blank\" rel=\"noopener\">Fr\u00fchjahressymposium 2012<\/a><\/p>\n<p><a title=\"Fr\u00fchjahressymposium 2010 f\u00fcr Anwender aus der Fischwirtschaft\" href=\"http:\/\/www.kesla.de\/wissen\/wissenschafts-praxis-foren\/fruhjahressymposium-2010-fur-anwender-aus-der-fischwirtschaft\/\" target=\"_blank\" rel=\"noopener\">Fr\u00fchjahressymposium vom 28.04.2010 f\u00fcr Anwender aus der Fischwirtschaft<\/a><\/p>\n<p><a title=\"Kesla-Herbstsymposium 2008 f\u00fcr Anwender und Handelspartner\" href=\"http:\/\/www.kesla.de\/wissen\/wissenschafts-praxis-foren\/kesla-herbstsymposium-2008-fur-anwender-und-handelspartner\/\" target=\"_blank\" rel=\"noopener\">Herbstsymposium vom 01.10.2008<\/a><\/p>\n<p><a title=\"Fr\u00fchjahressymposium f\u00fcr Anwender aus der Fischwirtschaft\" href=\"http:\/\/www.kesla.de\/wissen\/wissenschafts-praxis-foren\/fruhjahressymposium-fur-anwender-aus-der-fischwirtschaft\/\" target=\"_blank\" rel=\"noopener\">Fr\u00fchjahressymposium f\u00fcr Anwender aus der Fischwirtschaftvom vom 18.04.2007<\/a><\/p>\n<p><a title=\"Tagesseminar f\u00fcr Tier\u00e4rzte am 20. September 2006\" href=\"http:\/\/www.kesla.de\/wissen\/wissenschafts-praxis-foren\/tagesseminar-fur-tierarzte-am-20-september-2006\/\" target=\"_blank\" rel=\"noopener\">Tagesseminar f\u00fcr Tier\u00e4rzte vom 20. September 2006<\/a><\/p>\n<p><a title=\"10. Wissenschafts-Praxis-Forum\" href=\"http:\/\/www.kesla.de\/wissen\/wissenschafts-praxis-foren\/10-wissenschafts-praxis-forum\/\" target=\"_blank\" rel=\"noopener\">10. Wissenschafts- Praxis- Forum vom 30.05.2006 <\/a><\/p>\n","protected":false},"excerpt":{"rendered":"<p>&nbsp; Fr\u00fchjahressymposium 2017 Fr\u00fchjahressymposium 2014 Drei Wochen Intensivkurs Reinigung und Desinfektion f\u00fcr Studenten des Studienganges Lebensmittelsicherheit an der Staatlichen Studienakademie Plauen der BA Sachsen Fr\u00fchjahressymposium 2013 f\u00fcr Tier\u00e4rzte und Hygieneverantwortliche aus der Gefl\u00fcgelwirtschaft Fr\u00fchjahressymposium 2012 Fr\u00fchjahressymposium vom 28.04.2010 f\u00fcr Anwender aus der Fischwirtschaft Herbstsymposium vom 01.10.2008 Fr\u00fchjahressymposium f\u00fcr Anwender aus der Fischwirtschaftvom vom 18.04.2007 Tagesseminar [&hellip;]<\/p>\n","protected":false},"author":5,"featured_media":0,"parent":0,"menu_order":0,"comment_status":"closed","ping_status":"closed","template":"","meta":{"footnotes":""},"class_list":["post-9","page","type-page","status-publish","hentry"],"_links":{"self":[{"href":"https:\/\/www.schreiner-stiftung.de\/Fachakademie_angewandte_Hygiene\/index.php?rest_route=\/wp\/v2\/pages\/9","targetHints":{"allow":["GET"]}}],"collection":[{"href":"https:\/\/www.schreiner-stiftung.de\/Fachakademie_angewandte_Hygiene\/index.php?rest_route=\/wp\/v2\/pages"}],"about":[{"href":"https:\/\/www.schreiner-stiftung.de\/Fachakademie_angewandte_Hygiene\/index.php?rest_route=\/wp\/v2\/types\/page"}],"author":[{"embeddable":true,"href":"https:\/\/www.schreiner-stiftung.de\/Fachakademie_angewandte_Hygiene\/index.php?rest_route=\/wp\/v2\/users\/5"}],"replies":[{"embeddable":true,"href":"https:\/\/www.schreiner-stiftung.de\/Fachakademie_angewandte_Hygiene\/index.php?rest_route=%2Fwp%2Fv2%2Fcomments&post=9"}],"version-history":[{"count":12,"href":"https:\/\/www.schreiner-stiftung.de\/Fachakademie_angewandte_Hygiene\/index.php?rest_route=\/wp\/v2\/pages\/9\/revisions"}],"predecessor-version":[{"id":127,"href":"https:\/\/www.schreiner-stiftung.de\/Fachakademie_angewandte_Hygiene\/index.php?rest_route=\/wp\/v2\/pages\/9\/revisions\/127"}],"wp:attachment":[{"href":"https:\/\/www.schreiner-stiftung.de\/Fachakademie_angewandte_Hygiene\/index.php?rest_route=%2Fwp%2Fv2%2Fmedia&parent=9"}],"curies":[{"name":"wp","href":"https:\/\/api.w.org\/{rel}","templated":true}]}}